{"id":5946,"date":"2019-05-31T09:00:33","date_gmt":"2019-05-31T07:00:33","guid":{"rendered":"http:\/\/www.sjonara.se\/sv\/?page_id=5946"},"modified":"2024-11-08T13:06:08","modified_gmt":"2024-11-08T12:06:08","slug":"hem","status":"publish","type":"page","link":"https:\/\/www.sjonara.se\/sv\/","title":{"rendered":"V\u00e4lkommen till"},"content":{"rendered":"<h2>Om oss<\/h2>\n<p>Sj\u00f6n\u00e4ra startade sin verksamhet v\u00e5ren 2006 med aff\u00e4rsid\u00e9n att vara den sj\u00e4lvklara m\u00f6tesplatsen f\u00f6r s\u00e4ljare och k\u00f6pare av sj\u00f6n\u00e4ra hem. Vi verkar i alla segment, b\u00e5de villor, fritidshus, bostadsr\u00e4tter och tomter med det gemensamt att man har n\u00e4rheten till vattnet, bad- och b\u00e5tlivet. Genom v\u00e5r marknadsplats skall vi vara st\u00f6rst inom denna marknad med tonvikt p\u00e5 Stockholms l\u00e4n, fr\u00e5n \u00d6regrund till Nyn\u00e4shamn och fr\u00e5n Enk\u00f6ping till Svenska H\u00f6garna. Vi har genom \u00e5ren \u00e4ven verkat p\u00e5 flera andra platser i v\u00e5rt land och har som m\u00e5l att kunna etablera oss p\u00e5 andra platser l\u00e4ngs v\u00e5ra kuster. Det som \u00e4r det gemensamma \u00e4r n\u00e4rheten till vattnet, oavsett det \u00e4r saltsj\u00f6n, M\u00e4laren eller insj\u00f6.<\/p>\n<p>Den samlade kunskapen inom Sj\u00f6n\u00e4ra \u00e4r unik. V\u00e5ra 20 medarbetare har alla en stor erfarenhet av de specifika fr\u00e5gor som ofta finns kring hem n\u00e4ra vattnet. Samlat har vi \u00f6ver 100 \u00e5rs erfarenhet av dessa fr\u00e5gest\u00e4llningar och v\u00e5r kunskapsbank \u00e4r o\u00f6vertr\u00e4ffad i branschen.<\/p>\n<p>&nbsp;<\/p>\n<p>&nbsp;<\/p>\n","protected":false},"excerpt":{"rendered":"<p>Om oss Sj\u00f6n\u00e4ra startade sin verksamhet v\u00e5ren 2006 med aff\u00e4rsid\u00e9n att vara den sj\u00e4lvklara m\u00f6tesplatsen f\u00f6r s\u00e4ljare och k\u00f6pare av sj\u00f6n\u00e4ra hem. Vi verkar i alla segment, b\u00e5de villor, fritidshus, bostadsr\u00e4tter och tomter med det gemensamt att man har n\u00e4rheten till vattnet, bad- och b\u00e5tlivet. Genom v\u00e5r marknadsplats skall vi vara st\u00f6rst inom denna marknad [&hellip;]<\/p>\n","protected":false},"author":1,"featured_media":0,"parent":0,"menu_order":0,"comment_status":"closed","ping_status":"closed","template":"template-start.php","meta":{"footnotes":""},"class_list":["post-5946","page","type-page","status-publish","hentry"],"meta_box":{"sjonara_alternate-heading":"S\u00e4lja?","sjonara_alternate-heading-short":"","overlay_opacity":"","sjonara_iframe-code":""},"_links":{"self":[{"href":"https:\/\/www.sjonara.se\/sv\/wp-json\/wp\/v2\/pages\/5946","targetHints":{"allow":["GET"]}}],"collection":[{"href":"https:\/\/www.sjonara.se\/sv\/wp-json\/wp\/v2\/pages"}],"about":[{"href":"https:\/\/www.sjonara.se\/sv\/wp-json\/wp\/v2\/types\/page"}],"author":[{"embeddable":true,"href":"https:\/\/www.sjonara.se\/sv\/wp-json\/wp\/v2\/users\/1"}],"replies":[{"embeddable":true,"href":"https:\/\/www.sjonara.se\/sv\/wp-json\/wp\/v2\/comments?post=5946"}],"version-history":[{"count":13,"href":"https:\/\/www.sjonara.se\/sv\/wp-json\/wp\/v2\/pages\/5946\/revisions"}],"predecessor-version":[{"id":47647,"href":"https:\/\/www.sjonara.se\/sv\/wp-json\/wp\/v2\/pages\/5946\/revisions\/47647"}],"wp:attachment":[{"href":"https:\/\/www.sjonara.se\/sv\/wp-json\/wp\/v2\/media?parent=5946"}],"curies":[{"name":"wp","href":"https:\/\/api.w.org\/{rel}","templated":true}]}}