{"id":51019,"date":"2025-10-22T16:32:40","date_gmt":"2025-10-22T14:32:40","guid":{"rendered":"https:\/\/www.sjonara.se\/sv\/?page_id=51019"},"modified":"2025-10-22T16:51:14","modified_gmt":"2025-10-22T14:51:14","slug":"tomter","status":"publish","type":"page","link":"https:\/\/www.sjonara.se\/sv\/salja-med-sjonara\/tomter\/","title":{"rendered":"S\u00e4lja tomter med Sj\u00f6n\u00e4ra"},"content":{"rendered":"<p>Att s\u00e4lja en tomt \u00e4r inte som vilken f\u00f6rs\u00e4ljning som helst \u2013 det kr\u00e4ver f\u00f6rst\u00e5else f\u00f6r potential, detaljplaner, byggm\u00f6jligheter. Varje tomt har sina unika f\u00f6ruts\u00e4ttningar. Vi l\u00e4gger stor vikt vid att l\u00e4sa p\u00e5 varje tomts fastighetsutdrag och sammanst\u00e4ller alla viktiga dokument om tomten, s\u00e5som kartor, ritningar och servitut. Kunskap om varje omr\u00e5des eventuella detaljplan \u00e4r ocks\u00e5 en viktig del i bakgrundsarbetet.<\/p>\n<p>Med v\u00e5r kunskap om strandskydd, servitut, byggteknik och fastighetsr\u00e4tt skapas trygghet genom hela processen. Ett v\u00e4l upparbetat n\u00e4tverk av intressenter och ett erfaret \u00f6ga f\u00f6r vad som efterfr\u00e5gas g\u00f6r stor skillnad n\u00e4r det v\u00e4l \u00e4r dags. P\u00e5 Sj\u00f6n\u00e4ra l\u00e4gger vi stor vikt vid att med verklighetstrogna bilder och med beskrivande texter f\u00e5nga den r\u00e4tta k\u00e4nslan i presentationen av varje tomt. Sj\u00f6n\u00e4ra har en egen marknadsavdelning. Allt g\u00f6rs inhouse vilket g\u00f6ra att vi kan vara personliga, kreativa och lyfta din tomt p\u00e5 b\u00e4sta s\u00e4tt.<\/p>\n<p><a href=\"\/sv\/objekt\/?typ=tomter\">H\u00e4r hittar du tomter som just nu \u00e4r till salu<\/a> \u2013 samt ett urval av <a href=\"\/sv\/objekt\/?status=sald&amp;typ=tomter\">tidigare f\u00f6rs\u00e4ljningar<\/a>.<\/p>\n<p>Funderar du p\u00e5 att s\u00e4lja eller vill du veta mer om marknaden f\u00f6r tomter? Tveka inte att <a href=\"mailto:info@sjonara.se\">kontakta oss<\/a> \u2013 vi ber\u00e4ttar g\u00e4rna mer och svarar p\u00e5 dina fr\u00e5gor.<\/p>\n","protected":false},"excerpt":{"rendered":"<p>Att s\u00e4lja en tomt \u00e4r inte som vilken f\u00f6rs\u00e4ljning som helst \u2013 det kr\u00e4ver f\u00f6rst\u00e5else f\u00f6r potential, detaljplaner, byggm\u00f6jligheter. Varje tomt har sina unika f\u00f6ruts\u00e4ttningar. Vi l\u00e4gger stor vikt vid att l\u00e4sa p\u00e5 varje tomts fastighetsutdrag och sammanst\u00e4ller alla viktiga dokument om tomten, s\u00e5som kartor, ritningar och servitut. Kunskap om varje omr\u00e5des eventuella detaljplan \u00e4r [&hellip;]<\/p>\n","protected":false},"author":1,"featured_media":51011,"parent":10,"menu_order":40,"comment_status":"closed","ping_status":"closed","template":"","meta":{"footnotes":""},"class_list":["post-51019","page","type-page","status-publish","has-post-thumbnail","hentry"],"meta_box":{"sjonara_alternate-heading":"<strong>S\u00e4lja tomter<\/strong> med Sj\u00f6n\u00e4ra","sjonara_alternate-heading-short":"Tomter","overlay_opacity":"0.3","sjonara_iframe-code":""},"_links":{"self":[{"href":"https:\/\/www.sjonara.se\/sv\/wp-json\/wp\/v2\/pages\/51019","targetHints":{"allow":["GET"]}}],"collection":[{"href":"https:\/\/www.sjonara.se\/sv\/wp-json\/wp\/v2\/pages"}],"about":[{"href":"https:\/\/www.sjonara.se\/sv\/wp-json\/wp\/v2\/types\/page"}],"author":[{"embeddable":true,"href":"https:\/\/www.sjonara.se\/sv\/wp-json\/wp\/v2\/users\/1"}],"replies":[{"embeddable":true,"href":"https:\/\/www.sjonara.se\/sv\/wp-json\/wp\/v2\/comments?post=51019"}],"version-history":[{"count":2,"href":"https:\/\/www.sjonara.se\/sv\/wp-json\/wp\/v2\/pages\/51019\/revisions"}],"predecessor-version":[{"id":51031,"href":"https:\/\/www.sjonara.se\/sv\/wp-json\/wp\/v2\/pages\/51019\/revisions\/51031"}],"up":[{"embeddable":true,"href":"https:\/\/www.sjonara.se\/sv\/wp-json\/wp\/v2\/pages\/10"}],"wp:featuredmedia":[{"embeddable":true,"href":"https:\/\/www.sjonara.se\/sv\/wp-json\/wp\/v2\/media\/51011"}],"wp:attachment":[{"href":"https:\/\/www.sjonara.se\/sv\/wp-json\/wp\/v2\/media?parent=51019"}],"curies":[{"name":"wp","href":"https:\/\/api.w.org\/{rel}","templated":true}]}}