{"id":51017,"date":"2025-10-22T16:30:02","date_gmt":"2025-10-22T14:30:02","guid":{"rendered":"https:\/\/www.sjonara.se\/sv\/?page_id=51017"},"modified":"2025-10-22T16:36:33","modified_gmt":"2025-10-22T14:36:33","slug":"lagenheter","status":"publish","type":"page","link":"https:\/\/www.sjonara.se\/sv\/salja-med-sjonara\/lagenheter\/","title":{"rendered":"S\u00e4lja l\u00e4genheter med Sj\u00f6n\u00e4ra"},"content":{"rendered":"<p>Att s\u00e4lja en l\u00e4genhet kr\u00e4ver mer \u00e4n bara en annons \u2013 det handlar om att lyfta fram r\u00e4tt k\u00e4nsla, r\u00e4tt l\u00e4ge och r\u00e4tt upplevelse. Oavsett om det \u00e4r en l\u00e4genhet med utsikt eller en mindre l\u00e4genhet n\u00e4ra en b\u00e5thamn \u00e4r varje l\u00e4genhet unik och det \u00e4r v\u00e5r styrka att veta vad det \u00e4r som ska lyftas fram.<\/p>\n<p>P\u00e5 Sj\u00f6n\u00e4ra l\u00e4gger vi stor vikt vid att med verklighetstrogna bilder och med beskrivande texter f\u00e5nga den r\u00e4tta k\u00e4nslan i presentationen av varje l\u00e4genhet. Sj\u00f6n\u00e4ra har en egen marknadsavdelning. Allt g\u00f6rs inhouse vilket g\u00f6ra att vi kan vara personliga, kreativa och lyfta din l\u00e4genhet p\u00e5 b\u00e4sta s\u00e4tt.<\/p>\n<p><a href=\"\/sv\/objekt\/?typ=lagenheter\">H\u00e4r hittar du l\u00e4genheter som just nu \u00e4r till salu<\/a> \u2013 samt ett urval av<a href=\"\/sv\/objekt\/?status=sald&amp;typ=lagenheter\"> tidigare f\u00f6rs\u00e4ljningar<\/a>.<\/p>\n<p>Funderar du p\u00e5 att s\u00e4lja eller vill du veta mer om marknaden f\u00f6r l\u00e4genheter? Tveka inte att <a href=\"mailto:info@sjonara.se\">kontakta oss<\/a> \u2013 vi ber\u00e4ttar g\u00e4rna mer och svarar p\u00e5 dina fr\u00e5gor.<\/p>\n","protected":false},"excerpt":{"rendered":"<p>Att s\u00e4lja en l\u00e4genhet kr\u00e4ver mer \u00e4n bara en annons \u2013 det handlar om att lyfta fram r\u00e4tt k\u00e4nsla, r\u00e4tt l\u00e4ge och r\u00e4tt upplevelse. Oavsett om det \u00e4r en l\u00e4genhet med utsikt eller en mindre l\u00e4genhet n\u00e4ra en b\u00e5thamn \u00e4r varje l\u00e4genhet unik och det \u00e4r v\u00e5r styrka att veta vad det \u00e4r som ska [&hellip;]<\/p>\n","protected":false},"author":1,"featured_media":51010,"parent":10,"menu_order":30,"comment_status":"closed","ping_status":"closed","template":"","meta":{"footnotes":""},"class_list":["post-51017","page","type-page","status-publish","has-post-thumbnail","hentry"],"meta_box":{"sjonara_alternate-heading":"<strong>S\u00e4lja l\u00e4genheter<\/strong> med Sj\u00f6n\u00e4ra","sjonara_alternate-heading-short":"L\u00e4genheter","overlay_opacity":"0.3","sjonara_iframe-code":""},"_links":{"self":[{"href":"https:\/\/www.sjonara.se\/sv\/wp-json\/wp\/v2\/pages\/51017","targetHints":{"allow":["GET"]}}],"collection":[{"href":"https:\/\/www.sjonara.se\/sv\/wp-json\/wp\/v2\/pages"}],"about":[{"href":"https:\/\/www.sjonara.se\/sv\/wp-json\/wp\/v2\/types\/page"}],"author":[{"embeddable":true,"href":"https:\/\/www.sjonara.se\/sv\/wp-json\/wp\/v2\/users\/1"}],"replies":[{"embeddable":true,"href":"https:\/\/www.sjonara.se\/sv\/wp-json\/wp\/v2\/comments?post=51017"}],"version-history":[{"count":2,"href":"https:\/\/www.sjonara.se\/sv\/wp-json\/wp\/v2\/pages\/51017\/revisions"}],"predecessor-version":[{"id":51023,"href":"https:\/\/www.sjonara.se\/sv\/wp-json\/wp\/v2\/pages\/51017\/revisions\/51023"}],"up":[{"embeddable":true,"href":"https:\/\/www.sjonara.se\/sv\/wp-json\/wp\/v2\/pages\/10"}],"wp:featuredmedia":[{"embeddable":true,"href":"https:\/\/www.sjonara.se\/sv\/wp-json\/wp\/v2\/media\/51010"}],"wp:attachment":[{"href":"https:\/\/www.sjonara.se\/sv\/wp-json\/wp\/v2\/media?parent=51017"}],"curies":[{"name":"wp","href":"https:\/\/api.w.org\/{rel}","templated":true}]}}