{"id":51004,"date":"2025-10-21T19:47:33","date_gmt":"2025-10-21T17:47:33","guid":{"rendered":"https:\/\/www.sjonara.se\/sv\/?page_id=51004"},"modified":"2025-10-21T19:48:01","modified_gmt":"2025-10-21T17:48:01","slug":"vara-kontor","status":"publish","type":"page","link":"https:\/\/www.sjonara.se\/sv\/kontakt\/vara-kontor\/","title":{"rendered":"V\u00e5ra kontor"},"content":{"rendered":"<p>Vi f\u00f6rmedlar hem p\u00e5 fastland och \u00f6ar l\u00e4ngs hela Stockholms kust och runt M\u00e4laren. Det \u00e4r ett stort geografiskt omr\u00e5de och vi har valt att l\u00e4gga v\u00e5ra kontor p\u00e5 v\u00e4l valda platser f\u00f6r att maximera v\u00e5r tillg\u00e4ngliga och service till k\u00f6pare och s\u00e4ljare. V\u00e5ra kontor finns i Vaxholm, Stockholm, Norrt\u00e4lje och p\u00e5 Dalar\u00f6.<\/p>\n","protected":false},"excerpt":{"rendered":"<p>Vi f\u00f6rmedlar hem p\u00e5 fastland och \u00f6ar l\u00e4ngs hela Stockholms kust och runt M\u00e4laren. Det \u00e4r ett stort geografiskt omr\u00e5de och vi har valt att l\u00e4gga v\u00e5ra kontor p\u00e5 v\u00e4l valda platser f\u00f6r att maximera v\u00e5r tillg\u00e4ngliga och service till k\u00f6pare och s\u00e4ljare. V\u00e5ra kontor finns i Vaxholm, Stockholm, Norrt\u00e4lje och p\u00e5 Dalar\u00f6.<\/p>\n","protected":false},"author":1,"featured_media":0,"parent":42,"menu_order":50,"comment_status":"closed","ping_status":"closed","template":"template-offices.php","meta":{"footnotes":""},"class_list":["post-51004","page","type-page","status-publish","hentry"],"meta_box":{"sjonara_alternate-heading":"V\u00e4lkommen till <strong>Sj\u00f6n\u00e4ra<\/strong>","sjonara_alternate-heading-short":"","overlay_opacity":"","sjonara_iframe-code":""},"_links":{"self":[{"href":"https:\/\/www.sjonara.se\/sv\/wp-json\/wp\/v2\/pages\/51004","targetHints":{"allow":["GET"]}}],"collection":[{"href":"https:\/\/www.sjonara.se\/sv\/wp-json\/wp\/v2\/pages"}],"about":[{"href":"https:\/\/www.sjonara.se\/sv\/wp-json\/wp\/v2\/types\/page"}],"author":[{"embeddable":true,"href":"https:\/\/www.sjonara.se\/sv\/wp-json\/wp\/v2\/users\/1"}],"replies":[{"embeddable":true,"href":"https:\/\/www.sjonara.se\/sv\/wp-json\/wp\/v2\/comments?post=51004"}],"version-history":[{"count":1,"href":"https:\/\/www.sjonara.se\/sv\/wp-json\/wp\/v2\/pages\/51004\/revisions"}],"predecessor-version":[{"id":51005,"href":"https:\/\/www.sjonara.se\/sv\/wp-json\/wp\/v2\/pages\/51004\/revisions\/51005"}],"up":[{"embeddable":true,"href":"https:\/\/www.sjonara.se\/sv\/wp-json\/wp\/v2\/pages\/42"}],"wp:attachment":[{"href":"https:\/\/www.sjonara.se\/sv\/wp-json\/wp\/v2\/media?parent=51004"}],"curies":[{"name":"wp","href":"https:\/\/api.w.org\/{rel}","templated":true}]}}