{"id":46967,"date":"2024-05-02T18:11:47","date_gmt":"2024-05-02T16:11:47","guid":{"rendered":"https:\/\/www.sjonara.se\/sv\/?page_id=46967"},"modified":"2024-05-02T18:11:47","modified_gmt":"2024-05-02T16:11:47","slug":"cookiepolicy","status":"publish","type":"page","link":"https:\/\/www.sjonara.se\/sv\/cookiepolicy\/","title":{"rendered":"Cookiepolicy"},"content":{"rendered":"<p>Cookies \u00e4r sm\u00e5 textfiler som kan anv\u00e4ndas av webbplatser f\u00f6r att g\u00f6ra en anv\u00e4ndares upplevelse mer effektiv.<\/p>\n<p>Lagen s\u00e4ger att vi f\u00e5r lagra cookies p\u00e5 din enhet om de \u00e4r absolut n\u00f6dv\u00e4ndiga f\u00f6r att kunna anv\u00e4nda den h\u00e4r webbplatsen. F\u00f6r alla andra \u00e4ndam\u00e5l kr\u00e4vs ditt medgivande.<\/p>\n<p>Denna webbplats anv\u00e4nder olika typer av cookies. Vissa cookies placeras ut av tredjepartstj\u00e4nster som visas p\u00e5 v\u00e5ra sidor.<\/p>\n<p>Du kan <a href=\"\/sv\/cookie-installningar\/\">\u00e4ndra eller dra tillbaka ditt samtycke<\/a> till cookie-f\u00f6rklaringen p\u00e5 v\u00e5r webbplats.<\/p>\n<p>L\u00e4s mer i <a href=\"\/sv\/integritetspolicy\/\">v\u00e5r integritetsspolicy<\/a> om vilka vi \u00e4r, hur du kontaktar oss och p\u00e5 vilket s\u00e4tt vi behandlar personuppgifter.<\/p>\n","protected":false},"excerpt":{"rendered":"<p>Cookies \u00e4r sm\u00e5 textfiler som kan anv\u00e4ndas av webbplatser f\u00f6r att g\u00f6ra en anv\u00e4ndares upplevelse mer effektiv. Lagen s\u00e4ger att vi f\u00e5r lagra cookies p\u00e5 din enhet om de \u00e4r absolut n\u00f6dv\u00e4ndiga f\u00f6r att kunna anv\u00e4nda den h\u00e4r webbplatsen. F\u00f6r alla andra \u00e4ndam\u00e5l kr\u00e4vs ditt medgivande. Denna webbplats anv\u00e4nder olika typer av cookies. Vissa cookies [&hellip;]<\/p>\n","protected":false},"author":1,"featured_media":0,"parent":0,"menu_order":0,"comment_status":"closed","ping_status":"closed","template":"","meta":{"footnotes":""},"class_list":["post-46967","page","type-page","status-publish","hentry"],"meta_box":{"sjonara_alternate-heading":"","sjonara_alternate-heading-short":"","overlay_opacity":"","sjonara_iframe-code":""},"_links":{"self":[{"href":"https:\/\/www.sjonara.se\/sv\/wp-json\/wp\/v2\/pages\/46967","targetHints":{"allow":["GET"]}}],"collection":[{"href":"https:\/\/www.sjonara.se\/sv\/wp-json\/wp\/v2\/pages"}],"about":[{"href":"https:\/\/www.sjonara.se\/sv\/wp-json\/wp\/v2\/types\/page"}],"author":[{"embeddable":true,"href":"https:\/\/www.sjonara.se\/sv\/wp-json\/wp\/v2\/users\/1"}],"replies":[{"embeddable":true,"href":"https:\/\/www.sjonara.se\/sv\/wp-json\/wp\/v2\/comments?post=46967"}],"version-history":[{"count":1,"href":"https:\/\/www.sjonara.se\/sv\/wp-json\/wp\/v2\/pages\/46967\/revisions"}],"predecessor-version":[{"id":46968,"href":"https:\/\/www.sjonara.se\/sv\/wp-json\/wp\/v2\/pages\/46967\/revisions\/46968"}],"wp:attachment":[{"href":"https:\/\/www.sjonara.se\/sv\/wp-json\/wp\/v2\/media?parent=46967"}],"curies":[{"name":"wp","href":"https:\/\/api.w.org\/{rel}","templated":true}]}}