{"id":46965,"date":"2024-05-02T18:10:50","date_gmt":"2024-05-02T16:10:50","guid":{"rendered":"https:\/\/www.sjonara.se\/sv\/?page_id=46965"},"modified":"2024-05-03T15:01:36","modified_gmt":"2024-05-03T13:01:36","slug":"cookie-installningar","status":"publish","type":"page","link":"https:\/\/www.sjonara.se\/sv\/cookie-installningar\/","title":{"rendered":"Cookie-inst\u00e4llningar"},"content":{"rendered":"<h2>\u00c4ndra eller dra tillbaka ditt samtycke<\/h2>\n<p>Din sekretess \u00e4r viktig f\u00f6r oss och vi vill vara transparenta med informationen vi samlar in, hur vi anv\u00e4nder den och dina r\u00e4ttigheter att kontrollera denna information. Se v\u00e5r <a href=\"\/sv\/integritetspolicy\/\">Integritetspolicy<\/a>.<\/p>\n<p>V\u00e5r webbplats anv\u00e4nder cookies, som n\u00e4stan alla webbplatser g\u00f6r, f\u00f6r att hj\u00e4lpa dig att ge dig den b\u00e4sta upplevelsen vi kan. Se v\u00e5r <a href=\"\/sv\/cookiepolicy\/\">Cookie Policy<\/a>.<\/p>\n","protected":false},"excerpt":{"rendered":"<p>\u00c4ndra eller dra tillbaka ditt samtycke Din sekretess \u00e4r viktig f\u00f6r oss och vi vill vara transparenta med informationen vi samlar in, hur vi anv\u00e4nder den och dina r\u00e4ttigheter att kontrollera denna information. Se v\u00e5r Integritetspolicy. V\u00e5r webbplats anv\u00e4nder cookies, som n\u00e4stan alla webbplatser g\u00f6r, f\u00f6r att hj\u00e4lpa dig att ge dig den b\u00e4sta upplevelsen [&hellip;]<\/p>\n","protected":false},"author":1,"featured_media":0,"parent":0,"menu_order":0,"comment_status":"closed","ping_status":"closed","template":"template-consentdeclaration.php","meta":{"footnotes":""},"class_list":["post-46965","page","type-page","status-publish","hentry"],"meta_box":{"sjonara_alternate-heading":"","sjonara_alternate-heading-short":"","overlay_opacity":"","sjonara_iframe-code":""},"_links":{"self":[{"href":"https:\/\/www.sjonara.se\/sv\/wp-json\/wp\/v2\/pages\/46965","targetHints":{"allow":["GET"]}}],"collection":[{"href":"https:\/\/www.sjonara.se\/sv\/wp-json\/wp\/v2\/pages"}],"about":[{"href":"https:\/\/www.sjonara.se\/sv\/wp-json\/wp\/v2\/types\/page"}],"author":[{"embeddable":true,"href":"https:\/\/www.sjonara.se\/sv\/wp-json\/wp\/v2\/users\/1"}],"replies":[{"embeddable":true,"href":"https:\/\/www.sjonara.se\/sv\/wp-json\/wp\/v2\/comments?post=46965"}],"version-history":[{"count":1,"href":"https:\/\/www.sjonara.se\/sv\/wp-json\/wp\/v2\/pages\/46965\/revisions"}],"predecessor-version":[{"id":46966,"href":"https:\/\/www.sjonara.se\/sv\/wp-json\/wp\/v2\/pages\/46965\/revisions\/46966"}],"wp:attachment":[{"href":"https:\/\/www.sjonara.se\/sv\/wp-json\/wp\/v2\/media?parent=46965"}],"curies":[{"name":"wp","href":"https:\/\/api.w.org\/{rel}","templated":true}]}}