{"id":46459,"date":"2025-01-01T14:38:01","date_gmt":"2025-01-01T13:38:01","guid":{"rendered":"https:\/\/www.sjonara.se\/sv\/?page_id=46459"},"modified":"2025-01-31T09:57:16","modified_gmt":"2025-01-31T08:57:16","slug":"sjonaralivsstil11","status":"publish","type":"page","link":"https:\/\/www.sjonara.se\/sv\/sjonaralivsstil11\/","title":{"rendered":"Sj\u00f6n\u00e4ra livsstil nummer 11"},"content":{"rendered":"<p>\u00c4ntligen kan vi presentera \u00e5rets upplaga av magasinet Sj\u00f6n\u00e4ra livsstil. H\u00e4r presenterar vi \u00f6ver 100 kommande f\u00f6rs\u00e4ljningar och flertalet sp\u00e4nnande reportage. Den tryckta utg\u00e5van \u00e4r ni v\u00e4lkomna att h\u00e4mta p\u00e5 v\u00e5ra kontor eller Allt f\u00f6r sj\u00f6n-m\u00e4ssan fr\u00e5n 8 mars.<\/p>\n<div class=\"embed-container\"><iframe title=\"Sj\u00f6n\u00e4ra livsstil nummer 11\" src=\"https:\/\/e.issuu.com\/embed.html?u=sjonara&#038;d=magasinet_2024-till_issue\" style=\"border:none; width: 500px; height: 383px;\" allow=\"clipboard-write,allow-top-navigation,allow-top-navigation-by-user-activation,allow-downloads,allow-scripts,allow-same-origin,allow-popups,allow-modals,allow-popups-to-escape-sandbox,allow-forms\"  allowfullscreen=\"true\"><\/iframe><\/div>\n<p>&nbsp;<\/p>\n","protected":false},"excerpt":{"rendered":"<p>\u00c4ntligen kan vi presentera \u00e5rets upplaga av magasinet Sj\u00f6n\u00e4ra livsstil. H\u00e4r presenterar vi \u00f6ver 100 kommande f\u00f6rs\u00e4ljningar och flertalet sp\u00e4nnande reportage. Den tryckta utg\u00e5van \u00e4r ni v\u00e4lkomna att h\u00e4mta p\u00e5 v\u00e5ra kontor eller Allt f\u00f6r sj\u00f6n-m\u00e4ssan fr\u00e5n 8 mars. &nbsp;<\/p>\n","protected":false},"author":3,"featured_media":0,"parent":0,"menu_order":0,"comment_status":"closed","ping_status":"closed","template":"","meta":{"footnotes":""},"class_list":["post-46459","page","type-page","status-publish","hentry"],"meta_box":{"sjonara_alternate-heading":"Sj\u00f6n\u00e4ra livsstil nummer 11","sjonara_alternate-heading-short":"","overlay_opacity":"","sjonara_iframe-code":"<div style=\"position:relative;padding-top:max(60%,326px);height:0;width:100%\"><iframe allow=\"clipboard-write\" sandbox=\"allow-top-navigation allow-top-navigation-by-user-activation allow-downloads allow-scripts allow-same-origin allow-popups allow-modals allow-popups-to-escape-sandbox allow-forms\" allowfullscreen=\"true\" style=\"position:absolute;border:none;width:100%;height:100%;left:0;right:0;top:0;bottom:0;\" src=\"https:\/\/e.issuu.com\/embed.html?d=magasinet_2024-till_issue&u=sjonara\"><\/iframe><\/div>"},"_links":{"self":[{"href":"https:\/\/www.sjonara.se\/sv\/wp-json\/wp\/v2\/pages\/46459","targetHints":{"allow":["GET"]}}],"collection":[{"href":"https:\/\/www.sjonara.se\/sv\/wp-json\/wp\/v2\/pages"}],"about":[{"href":"https:\/\/www.sjonara.se\/sv\/wp-json\/wp\/v2\/types\/page"}],"author":[{"embeddable":true,"href":"https:\/\/www.sjonara.se\/sv\/wp-json\/wp\/v2\/users\/3"}],"replies":[{"embeddable":true,"href":"https:\/\/www.sjonara.se\/sv\/wp-json\/wp\/v2\/comments?post=46459"}],"version-history":[{"count":6,"href":"https:\/\/www.sjonara.se\/sv\/wp-json\/wp\/v2\/pages\/46459\/revisions"}],"predecessor-version":[{"id":46550,"href":"https:\/\/www.sjonara.se\/sv\/wp-json\/wp\/v2\/pages\/46459\/revisions\/46550"}],"wp:attachment":[{"href":"https:\/\/www.sjonara.se\/sv\/wp-json\/wp\/v2\/media?parent=46459"}],"curies":[{"name":"wp","href":"https:\/\/api.w.org\/{rel}","templated":true}]}}