{"id":42,"date":"2011-02-15T08:09:33","date_gmt":"2011-02-15T07:09:33","guid":{"rendered":"http:\/\/sjonara.demosida.se\/"},"modified":"2026-01-27T15:32:43","modified_gmt":"2026-01-27T14:32:43","slug":"kontakt","status":"publish","type":"page","link":"https:\/\/www.sjonara.se\/sv\/kontakt\/","title":{"rendered":"Kontakt"},"content":{"rendered":"<p>Kunskapen vi har inom Sj\u00f6n\u00e4ra av att s\u00e4lja fastigheter vid vattnet \u00e4r unik. Vi har s\u00e5lt sj\u00f6l\u00e4gen sedan 2006. Ingen f\u00f6rs\u00e4ljning \u00e4r den andra lik. Av det har vi byggt upp en gedigen erfarenhet.<\/p>\n<p>Inom Sj\u00f6n\u00e4ra har vi stor kunskap kring strandskyddslagen, servitut, fastighetsr\u00e4tt och byggteknik. Tjugo m\u00e4klare skapar via sina f\u00f6rs\u00e4ljningar ett enormt kontaktn\u00e4t med potentiella k\u00f6pare.<\/p>\n<p>Vi har en egen marknadsavdelning som ansvarar f\u00f6r all v\u00e5r marknadsf\u00f6ring och kommunikation vilket g\u00f6r att vi kan vara personliga, kreativa och lyfta fram och presentera er fastighet p\u00e5 b\u00e4sta s\u00e4tt f\u00f6r marknaden.<\/p>\n<p style=\"text-align: center;text-transform: uppercase;line-height: 1.425em\"><a style=\"color: #1e3658\" href=\"tel:0852234800\"><strong>08-522 348 00<\/strong><\/a><br \/>\n<a style=\"color: #1e3658\" href=\"mailto:info@sjonara.se\"><strong>info@sjonara.se<\/strong><\/a><\/p>\n","protected":false},"excerpt":{"rendered":"<p>Kunskapen vi har inom Sj\u00f6n\u00e4ra av att s\u00e4lja fastigheter vid vattnet \u00e4r unik. Vi har s\u00e5lt sj\u00f6l\u00e4gen sedan 2006. Ingen f\u00f6rs\u00e4ljning \u00e4r den andra lik. Av det har vi byggt upp en gedigen erfarenhet. Inom Sj\u00f6n\u00e4ra har vi stor kunskap kring strandskyddslagen, servitut, fastighetsr\u00e4tt och byggteknik. Tjugo m\u00e4klare skapar via sina f\u00f6rs\u00e4ljningar ett enormt kontaktn\u00e4t [&hellip;]<\/p>\n","protected":false},"author":1,"featured_media":0,"parent":0,"menu_order":50,"comment_status":"closed","ping_status":"closed","template":"template-contact.php","meta":{"footnotes":""},"class_list":["post-42","page","type-page","status-publish","hentry"],"meta_box":{"sjonara_alternate-heading":"Kontakta <br \/><strong>Team Sj\u00f6n\u00e4ra<\/strong>","sjonara_alternate-heading-short":"","overlay_opacity":"","sjonara_iframe-code":""},"_links":{"self":[{"href":"https:\/\/www.sjonara.se\/sv\/wp-json\/wp\/v2\/pages\/42","targetHints":{"allow":["GET"]}}],"collection":[{"href":"https:\/\/www.sjonara.se\/sv\/wp-json\/wp\/v2\/pages"}],"about":[{"href":"https:\/\/www.sjonara.se\/sv\/wp-json\/wp\/v2\/types\/page"}],"author":[{"embeddable":true,"href":"https:\/\/www.sjonara.se\/sv\/wp-json\/wp\/v2\/users\/1"}],"replies":[{"embeddable":true,"href":"https:\/\/www.sjonara.se\/sv\/wp-json\/wp\/v2\/comments?post=42"}],"version-history":[{"count":26,"href":"https:\/\/www.sjonara.se\/sv\/wp-json\/wp\/v2\/pages\/42\/revisions"}],"predecessor-version":[{"id":51137,"href":"https:\/\/www.sjonara.se\/sv\/wp-json\/wp\/v2\/pages\/42\/revisions\/51137"}],"wp:attachment":[{"href":"https:\/\/www.sjonara.se\/sv\/wp-json\/wp\/v2\/media?parent=42"}],"curies":[{"name":"wp","href":"https:\/\/api.w.org\/{rel}","templated":true}]}}