{"id":20902,"date":"2018-05-24T12:55:32","date_gmt":"2018-05-24T10:55:32","guid":{"rendered":"https:\/\/www.sjonara.se\/sv\/?page_id=20902"},"modified":"2025-10-07T11:00:15","modified_gmt":"2025-10-07T09:00:15","slug":"integritetspolicy","status":"publish","type":"page","link":"https:\/\/www.sjonara.se\/sv\/integritetspolicy\/","title":{"rendered":"Integritetspolicy"},"content":{"rendered":"<h5><\/h5>\n<p>Sj\u00f6n\u00e4ras integritetspolicy<\/p>\n<p>Din sekretess \u00e4r viktig f\u00f6r oss och vi vill vara transparenta med informationen vi samlar in, hur vi anv\u00e4nder den och dina r\u00e4ttigheter att kontrollera denna information. D\u00e4rf\u00f6r har vi gjort en del uppdateringar i v\u00e5r sekretesspolicy.<\/p>\n<p>(Uppdaterad 7 oktober 2025)<\/p>\n<h5>Inledning<\/h5>\n<p>Vi uppskattar att du bes\u00f6ker v\u00e5r webbplats. I samband med att du blir kund hos oss beh\u00f6ver vi nyttja n\u00e5gra olika personuppgifter f\u00f6r att kunna leverera v\u00e5r tj\u00e4nst. Det viktigt f\u00f6r oss att f\u00f6rtydliga hur vi samlar in och behandlar dina personuppgifter. Hur det g\u00e5r till kan du l\u00e4sa om i v\u00e5r integritetspolicy.<\/p>\n<h5>Ansvarig f\u00f6r hantering av personuppgifter<\/h5>\n<p>Vi som driver Sj\u00f6n\u00e4ra Fastigheter AB, org. nummer 556697\u20138325 och \u00e4r ansvariga f\u00f6r dina personuppgifter. Vi \u00e4ger och ansvarar f\u00f6r inneh\u00e5llet p\u00e5 webbplatsen.<\/p>\n<h5>V\u00e5rt \u00e5tagande<\/h5>\n<p>Vi tar dina r\u00e4ttigheter och s\u00e4kerhet av dina personuppgifter p\u00e5 st\u00f6rsta allvar. D\u00e4rf\u00f6r vidtar vi alla \u00e5tg\u00e4rder vi kan f\u00f6r att hantera dina personuppgifter p\u00e5 ett s\u00e4kert s\u00e4tt. Vi f\u00f6ljer lagstiftningar g\u00e4llande personuppgiftshantering och till\u00e4mpar branschens etiska regler.<\/p>\n<h5>Kontaktinformation<\/h5>\n<p>Om du har fr\u00e5gor kring integritetspolicyn, vill f\u00e5 information om dina personuppgifter, vill ta bort eller \u00e4ndra dina personuppgifter s\u00e5 kontakta oss p\u00e5 e-post <a href=\"mailto:info@sjonara.se\">info@sjonara.se<\/a> eller telefon 08-522\u00a0348 00 (kontorstid).<\/p>\n<h5>Insamling av personuppgifter<\/h5>\n<p>Vi v\u00e4rnar om att skydda din personliga integritet och samlar in personuppgifter p\u00e5 ett s\u00e4kert och ansvarsfullt s\u00e4tt i enlighet med g\u00e4llande lagar och regler.<\/p>\n<h5>Avtal<\/h5>\n<p>Den registrerade har ett avtal eller ska ing\u00e5 ett avtal med den personuppgiftsansvarige. Vi lagrar E-posten f\u00f6r de som anm\u00e4lt sig som v\u00e5r Sj\u00f6n\u00e4ra v\u00e4n och som godk\u00e4nt att vi sparar e-posten. De som godk\u00e4nt villkoren kommer att erh\u00e5lla v\u00e5rt utskick \u201dSj\u00f6n\u00e4ra v\u00e4n\u201d, men har m\u00f6jlighet att avregistrera sig fr\u00e5n dessa brev.<\/p>\n<p>Vi lagrar \u00e4ven kontaktuppgifter till de som \u00e4r i kontakt med oss som s\u00e4ljare eller k\u00f6pare av v\u00e5ra potentiella, kommande och aktuella fastighetsf\u00f6rmedlingar. Detta f\u00f6r att kunna bedriva kundv\u00e5rd p\u00e5 ett fungerande s\u00e4tt.<\/p>\n<h5>Insamling av webbstatistik<\/h5>\n<p>Vi samlar in loggar som inneh\u00e5ller n\u00e4tidentifierare och tidsst\u00e4mpel n\u00e4r du bes\u00f6ker v\u00e5r webbplats. Dessa loggar omvandlas direkt till statistik som inte inneh\u00e5ller n\u00e5gra personuppgifter och som vi anv\u00e4nder f\u00f6r att analysera populariteten av olika delar av webbplatsen. Den lagliga grunden f\u00f6r denna behandling \u00e4r v\u00e5ra ber\u00e4ttigade intressen att analysera anv\u00e4ndning av v\u00e5r webbplats och f\u00f6rb\u00e4ttra v\u00e5r webbplats.<\/p>\n<h5>Insamling av statistik fr\u00e5n e-postutskick<\/h5>\n<p>Vi samlar in loggar som inneh\u00e5ller n\u00e4tidentifierare och tidsst\u00e4mpel n\u00e4r du \u00f6ppnar och l\u00e4ser e-post som du har f\u00e5tt fr\u00e5n oss. Dessa loggar omvandlas till statistik som anv\u00e4nds f\u00f6r att analysera effektiviteten av dessa utskick. Den lagliga grunden f\u00f6r denna behandling \u00e4r v\u00e5ra ber\u00e4ttigade intressen att skicka e-post som \u00e4r relevant f\u00f6r dig.<\/p>\n<h5>Egen marknadsf\u00f6ring<\/h5>\n<p>N\u00e4r du anm\u00e4lt dig till v\u00e5rt nyhetsbrev Sj\u00f6n\u00e4ra v\u00e4n samtycker du till att vi anv\u00e4nder dina kontaktuppgifter f\u00f6r att skicka dig marknadsf\u00f6ring via e-post om Sj\u00f6n\u00e4ra nyheter och f\u00f6rs\u00e4ljningar. Du kan n\u00e4r som helst \u00e5terkalla ditt samtycke f\u00f6r denna marknadsf\u00f6ring genom att klicka p\u00e5 den d\u00e4rf\u00f6r avsedda l\u00e4nk som tillhandah\u00e5lls i varje e-postmeddelande, eller genom att skicka ett meddelande till info@sjonara.se.<\/p>\n<h5>Cookies och liknande tekniker<\/h5>\n<p>En cookie \u00e4r en liten textfil som lagras p\u00e5 din dator eller enhet (t.ex. smartphone eller l\u00e4splatta) och som inneh\u00e5ller information som g\u00f6r det m\u00f6jligt f\u00f6r webbplatsen att k\u00e4nna igen dig som anv\u00e4ndare.<\/p>\n<p>Vi anv\u00e4nder cookies av tekniska sk\u00e4l, f\u00f6r att underl\u00e4tta anv\u00e4ndningen av v\u00e5ra tj\u00e4nster och f\u00f6r att ge dig som anv\u00e4ndare relevant information n\u00e4r du bes\u00f6ker v\u00e5r webbplats. Cookies anv\u00e4nds \u00e4ven f\u00f6r att m\u00e4ta trafiken p\u00e5 v\u00e5r webbplats och f\u00f6r insamling av statistik.<\/p>\n<p>Din webbl\u00e4sare eller enhet till\u00e5ter dig oftast att \u00e4ndra inst\u00e4llningarna f\u00f6r anv\u00e4ndningen och omfattningen av cookies. G\u00e5 till inst\u00e4llningarna f\u00f6r din webbl\u00e4sare eller enhet f\u00f6r att l\u00e4ra dig mer om hur du justerar inst\u00e4llningarna f\u00f6r cookies. Du kan till exempel v\u00e4lja att blockera alla cookies, endast acceptera vissa cookies, eller radera cookies n\u00e4r du st\u00e4nger ner din webbl\u00e4sare. T\u00e4nk p\u00e5 att vissa av v\u00e5ra tj\u00e4nster kanske inte fungerar om du blockerar eller raderar cookies. F\u00f6r mer information om cookies kan du bes\u00f6ka www.aboutcookies.org eller www.allaboutcookies.org.<\/p>\n<h5>Sekretess och s\u00e4kerhet<\/h5>\n<p>Vi vidtar en rad olika s\u00e4kerhets\u00e5tg\u00e4rder f\u00f6r att det ligger i v\u00e5rt och ditt intresse att uppr\u00e4tth\u00e5lla tj\u00e4nstens s\u00e4kerhet och skydda dina personliga uppgifter. F\u00f6r att kunna garantera s\u00e4kerhet och sekretess anv\u00e4nder vi oss av avancerade krypteringsmetoder och brandv\u00e4ggar f\u00f6r att skydda dina uppgifter. Under v\u00e5r hantering av dina personuppgifter vidtar vi rimliga \u00e5tg\u00e4rder f\u00f6r att skydda dina uppgifter fr\u00e5n f\u00f6rlust, missbruk, otill\u00e5ten \u00e5tkomst, avsl\u00f6jande, \u00e4ndring eller f\u00f6rst\u00f6ring.<\/p>\n<p>Om vi skulle bli utsatta f\u00f6r ett intr\u00e5ng eller p\u00e5 annat s\u00e4tt inte ha kontroll \u00f6ver de personuppgifter vi behandlar s\u00e5 hanteras detta enligt f\u00f6rbest\u00e4mda processer som \u00e4r framtagna enligt Datainspektionens riktlinjer.<\/p>\n<h4>Dina r\u00e4ttigheter<\/h4>\n<h5>R\u00e4tt till tillg\u00e5ng<\/h5>\n<p>Du har r\u00e4tt att beg\u00e4ra en kopia p\u00e5 de uppgifter som vi behandlar om dig. Kopian \u00e4r gratis att beg\u00e4ra.<\/p>\n<h5>R\u00e4tt till r\u00e4ttelse<\/h5>\n<p>Du har r\u00e4tt att korrigera felaktiga eller icke-kompletta uppgifter om dig sj\u00e4lv.<\/p>\n<h5>R\u00e4tt att bli raderad<\/h5>\n<p>Du har r\u00e4tt att beg\u00e4ra radering av dina uppgifter f\u00f6r de fall att uppgiften inte l\u00e4ngre \u00e4r n\u00f6dv\u00e4ndig f\u00f6r det \u00e4ndam\u00e5l den blev insamlad f\u00f6r. Det kan dock finnas legala skyldigheter som hindrar oss fr\u00e5n att omedelbart radera delar av dina uppgifter.<\/p>\n<h5>R\u00e4tt att \u00e5terkalla samtycke<\/h5>\n<p>Du har r\u00e4tt att n\u00e4r som helst \u00e5terkalla ditt samtycke f\u00f6r direktmarknadsf\u00f6ring genom att skicka ett meddelande till info@sjonara.se eller genom att anv\u00e4nda dig av en av de ovan beskrivna metoderna.<\/p>\n<h5>\u00c4ndringar i integritetspolicyn<\/h5>\n<p>Ibland beh\u00f6ver vi uppdatera v\u00e5r integritetspolicy, anv\u00e4ndarvillkor eller avtal med v\u00e5ra uppdragsgivare, leverant\u00f6rer eller partners. N\u00e4r vi g\u00f6r v\u00e4sentliga \u00e4ndringar kommer vi att meddelande dig via e-post och v\u00e5r webbsida eller vad som \u00e4r l\u00e4mpligt med h\u00e4nsyn till omst\u00e4ndigheterna.<\/p>\n<p>I vissa fall kommer vi att meddela dig i f\u00f6rv\u00e4g, och din fortsatta anv\u00e4ndning av tj\u00e4nsten efter att \u00e4ndringarna har gjorts kommer att utg\u00f6ra ditt godk\u00e4nnande av \u00e4ndringarna.<\/p>\n","protected":false},"excerpt":{"rendered":"<p>Sj\u00f6n\u00e4ras integritetspolicy Din sekretess \u00e4r viktig f\u00f6r oss och vi vill vara transparenta med informationen vi samlar in, hur vi anv\u00e4nder den och dina r\u00e4ttigheter att kontrollera denna information. D\u00e4rf\u00f6r har vi gjort en del uppdateringar i v\u00e5r sekretesspolicy. (Uppdaterad 7 oktober 2025) Inledning Vi uppskattar att du bes\u00f6ker v\u00e5r webbplats. I samband med att [&hellip;]<\/p>\n","protected":false},"author":1,"featured_media":0,"parent":0,"menu_order":0,"comment_status":"closed","ping_status":"closed","template":"","meta":{"footnotes":""},"class_list":["post-20902","page","type-page","status-publish","hentry"],"meta_box":{"sjonara_alternate-heading":"","sjonara_alternate-heading-short":"","overlay_opacity":"","sjonara_iframe-code":""},"_links":{"self":[{"href":"https:\/\/www.sjonara.se\/sv\/wp-json\/wp\/v2\/pages\/20902","targetHints":{"allow":["GET"]}}],"collection":[{"href":"https:\/\/www.sjonara.se\/sv\/wp-json\/wp\/v2\/pages"}],"about":[{"href":"https:\/\/www.sjonara.se\/sv\/wp-json\/wp\/v2\/types\/page"}],"author":[{"embeddable":true,"href":"https:\/\/www.sjonara.se\/sv\/wp-json\/wp\/v2\/users\/1"}],"replies":[{"embeddable":true,"href":"https:\/\/www.sjonara.se\/sv\/wp-json\/wp\/v2\/comments?post=20902"}],"version-history":[{"count":13,"href":"https:\/\/www.sjonara.se\/sv\/wp-json\/wp\/v2\/pages\/20902\/revisions"}],"predecessor-version":[{"id":50962,"href":"https:\/\/www.sjonara.se\/sv\/wp-json\/wp\/v2\/pages\/20902\/revisions\/50962"}],"wp:attachment":[{"href":"https:\/\/www.sjonara.se\/sv\/wp-json\/wp\/v2\/media?parent=20902"}],"curies":[{"name":"wp","href":"https:\/\/api.w.org\/{rel}","templated":true}]}}