{"id":12,"date":"2011-01-26T09:35:24","date_gmt":"2011-01-26T09:35:24","guid":{"rendered":"http:\/\/sjonara.demosida.se\/"},"modified":"2024-03-11T19:07:28","modified_gmt":"2024-03-11T18:07:28","slug":"bli-sjonara-van","status":"publish","type":"page","link":"https:\/\/www.sjonara.se\/sv\/bli-sjonara-van\/","title":{"rendered":"Sj\u00f6n\u00e4ra v\u00e4n"},"content":{"rendered":"<p><strong style=\"text-transform: none\">Vi s\u00e4ljer bara sj\u00f6n\u00e4ra hem<\/strong> och under ett \u00e5r f\u00f6rmedlar vi \u00f6ver 300 sj\u00f6n\u00e4ra boenden mellan \u00d6regrund och Nyk\u00f6ping. Om du \u00e4r intresserad av att k\u00f6pa ett sj\u00f6n\u00e4ra hem eller f\u00f6lja fastighetsmarknaden p\u00e5 fastland och \u00f6ar l\u00e4ngs Stockholms kust, ska du bli Sj\u00f6n\u00e4ra v\u00e4n. \u00c4r du nyfiken att f\u00f6lja med oss i v\u00e5r sj\u00f6n\u00e4ra vardag och arbetet med v\u00e5ra f\u00f6rs\u00e4ljningar ska du ocks\u00e5 f\u00f6lja oss p\u00e5 <a href=\"https:\/\/www.facebook.com\/sjonara\">Facebook<\/a> och <a href=\"https:\/\/www.instagram.com\/sjonara\/\">Instagram<\/a>.\u00a0 V\u00e4lkommen!<\/p>\n","protected":false},"excerpt":{"rendered":"<p>Vi s\u00e4ljer bara sj\u00f6n\u00e4ra hem och under ett \u00e5r f\u00f6rmedlar vi \u00f6ver 300 sj\u00f6n\u00e4ra boenden mellan \u00d6regrund och Nyk\u00f6ping. Om du \u00e4r intresserad av att k\u00f6pa ett sj\u00f6n\u00e4ra hem eller f\u00f6lja fastighetsmarknaden p\u00e5 fastland och \u00f6ar l\u00e4ngs Stockholms kust, ska du bli Sj\u00f6n\u00e4ra v\u00e4n. \u00c4r du nyfiken att f\u00f6lja med oss i v\u00e5r sj\u00f6n\u00e4ra vardag [&hellip;]<\/p>\n","protected":false},"author":1,"featured_media":0,"parent":0,"menu_order":30,"comment_status":"closed","ping_status":"closed","template":"template-collaboration.php","meta":{"footnotes":""},"class_list":["post-12","page","type-page","status-publish","hentry"],"meta_box":{"sjonara_alternate-heading":"V\u00e4lkommen som <strong>sj\u00f6n\u00e4ra v\u00e4n<\/strong>","sjonara_alternate-heading-short":"","overlay_opacity":"","sjonara_iframe-code":""},"_links":{"self":[{"href":"https:\/\/www.sjonara.se\/sv\/wp-json\/wp\/v2\/pages\/12","targetHints":{"allow":["GET"]}}],"collection":[{"href":"https:\/\/www.sjonara.se\/sv\/wp-json\/wp\/v2\/pages"}],"about":[{"href":"https:\/\/www.sjonara.se\/sv\/wp-json\/wp\/v2\/types\/page"}],"author":[{"embeddable":true,"href":"https:\/\/www.sjonara.se\/sv\/wp-json\/wp\/v2\/users\/1"}],"replies":[{"embeddable":true,"href":"https:\/\/www.sjonara.se\/sv\/wp-json\/wp\/v2\/comments?post=12"}],"version-history":[{"count":50,"href":"https:\/\/www.sjonara.se\/sv\/wp-json\/wp\/v2\/pages\/12\/revisions"}],"predecessor-version":[{"id":46646,"href":"https:\/\/www.sjonara.se\/sv\/wp-json\/wp\/v2\/pages\/12\/revisions\/46646"}],"wp:attachment":[{"href":"https:\/\/www.sjonara.se\/sv\/wp-json\/wp\/v2\/media?parent=12"}],"curies":[{"name":"wp","href":"https:\/\/api.w.org\/{rel}","templated":true}]}}