{"id":58,"date":"2025-10-21T18:45:33","date_gmt":"2025-10-21T16:45:33","guid":{"rendered":"https:\/\/www.sjonara.se\/en\/?page_id=58"},"modified":"2025-10-21T18:45:33","modified_gmt":"2025-10-21T16:45:33","slug":"welcome-to","status":"publish","type":"page","link":"https:\/\/www.sjonara.se\/en\/","title":{"rendered":"Welcome to"},"content":{"rendered":"<h2>About us<\/h2>\n<p>Sj\u00f6n\u00e4ra began its operations in the spring of 2006 with the business idea of being the natural meeting place for sellers and buyers of waterfront homes. We operate in all segments \u2013 villas, holiday homes, condominiums, and plots of land \u2013 with the common denominator being proximity to the water, swimming, and boating life. Through our marketplace, we aim to be the leading company in this market, focusing primarily on Stockholm County, from \u00d6regrund to Nyn\u00e4shamn and from Enk\u00f6ping to the Svenska H\u00f6garna archipelago. Over the years, we have also operated in several other parts of Sweden, and our goal is to establish ourselves in additional coastal locations. What unites everything is closeness to the water, whether it be the sea, Lake M\u00e4laren, or inland lakes.<\/p>\n<p>The collective knowledge within Sj\u00f6n\u00e4ra is unique. Our 20 employees all have extensive experience with the specific issues often associated with homes near the water. Together, we have more than 100 years of expertise in this field, and our knowledge base is unmatched in the industry.<\/p>\n","protected":false},"excerpt":{"rendered":"<p>About us Sj\u00f6n\u00e4ra began its operations in the spring of 2006 with the business idea of being the natural meeting place for sellers and buyers of waterfront homes. We operate in all segments \u2013 villas, holiday homes, condominiums, and plots of land \u2013 with the common denominator being proximity to the water, swimming, and boating [&hellip;]<\/p>\n","protected":false},"author":1,"featured_media":0,"parent":0,"menu_order":0,"comment_status":"closed","ping_status":"closed","template":"template-start.php","meta":{"footnotes":""},"class_list":["post-58","page","type-page","status-publish","hentry"],"meta_box":{"sjonara_alternate-heading":"","sjonara_alternate-heading-short":"","overlay_opacity":"","sjonara_iframe-code":""},"_links":{"self":[{"href":"https:\/\/www.sjonara.se\/en\/wp-json\/wp\/v2\/pages\/58","targetHints":{"allow":["GET"]}}],"collection":[{"href":"https:\/\/www.sjonara.se\/en\/wp-json\/wp\/v2\/pages"}],"about":[{"href":"https:\/\/www.sjonara.se\/en\/wp-json\/wp\/v2\/types\/page"}],"author":[{"embeddable":true,"href":"https:\/\/www.sjonara.se\/en\/wp-json\/wp\/v2\/users\/1"}],"replies":[{"embeddable":true,"href":"https:\/\/www.sjonara.se\/en\/wp-json\/wp\/v2\/comments?post=58"}],"version-history":[{"count":1,"href":"https:\/\/www.sjonara.se\/en\/wp-json\/wp\/v2\/pages\/58\/revisions"}],"predecessor-version":[{"id":59,"href":"https:\/\/www.sjonara.se\/en\/wp-json\/wp\/v2\/pages\/58\/revisions\/59"}],"wp:attachment":[{"href":"https:\/\/www.sjonara.se\/en\/wp-json\/wp\/v2\/media?parent=58"}],"curies":[{"name":"wp","href":"https:\/\/api.w.org\/{rel}","templated":true}]}}